{"id":20,"date":"2020-01-26T06:21:21","date_gmt":"2020-01-26T06:21:21","guid":{"rendered":"http:\/\/juristic.themegeniuslab.com\/?page_id=20"},"modified":"2022-08-08T16:29:51","modified_gmt":"2022-08-08T14:29:51","slug":"o-kancelarii","status":"publish","type":"page","link":"https:\/\/skw.com.pl\/index.php\/o-kancelarii\/","title":{"rendered":"O kancelarii"},"content":{"rendered":"\t\t<div data-elementor-type=\"wp-page\" data-elementor-id=\"20\" class=\"elementor elementor-20\" data-elementor-settings=\"[]\">\n\t\t\t\t\t\t\t<div class=\"elementor-section-wrap\">\n\t\t\t\t\t\t\t<section class=\"elementor-section elementor-top-section elementor-element elementor-element-9d60c1b elementor-section-boxed elementor-section-height-default elementor-section-height-default\" data-id=\"9d60c1b\" data-element_type=\"section\">\n\t\t\t\t\t\t<div class=\"elementor-container elementor-column-gap-default\">\n\t\t\t\t\t<div class=\"elementor-column elementor-col-100 elementor-top-column elementor-element elementor-element-32834d7\" data-id=\"32834d7\" data-element_type=\"column\">\n\t\t\t<div class=\"elementor-widget-wrap elementor-element-populated\">\n\t\t\t\t\t\t\t\t<div class=\"elementor-element elementor-element-f6f2634 elementor-widget elementor-widget-tmx-juristic_about\" data-id=\"f6f2634\" data-element_type=\"widget\" data-settings=\"{&quot;about_image&quot;:{&quot;url&quot;:&quot;http:\\\/\\\/skw.conecto.tv\\\/wp-content\\\/uploads\\\/2021\\\/12\\\/mar2-1.jpg&quot;,&quot;id&quot;:841,&quot;alt&quot;:&quot;&quot;,&quot;source&quot;:&quot;library&quot;},&quot;about_signature&quot;:{&quot;url&quot;:&quot;&quot;,&quot;id&quot;:&quot;&quot;}}\" data-widget_type=\"tmx-juristic_about.default\">\n\t\t\t\t<div class=\"elementor-widget-container\">\n\t\t\t\t\t\t\t<section class=\"about-section juristic-about\">\n        <div class=\"row\">\n            <div class=\"col col-md-4\">\n                <div class=\"left-col\">\n                    <div class=\"section-title\">\n                        \t\t\t\t\t\t        \t\t\t<div class=\"icon\">\n\t\t\t\t\t\t                 <i class=\"fi fi flaticon-home-3\"><\/i>\t\t\t\t\t\t            \t<\/div>\n\t\t\t\t\t\t        \t\t<span>Kim Jeste\u015bmy<\/span><h2>Ide\u0105 naszej kancelarii jest wyznaczanie nowych standard\u00f3w w my\u015bleniu o prawie<\/h2>                    <\/div>\n                <\/div>\n            <\/div>\n            <div class=\"col col-md-4\">\n                <div class=\"mid-col\">\n                     <img src=\"https:\/\/skw.com.pl\/wp-content\/uploads\/2021\/12\/mar2-1.jpg\" alt=\"\">                <\/div>\n            <\/div>\n            <div class=\"col col-md-4\">\n                <div class=\"right-col\">\n                \t\t<p>\u201e \u015awiadczenie us\u0142ug prawnych nie jest sztuk\u0105 odtw\u00f3rczego stosowania prawa, lecz umiej\u0119tno\u015bci\u0105 obserwowania, s\u0142uchania, zadawania pyta\u0144 i poszukiwania nowych rozwi\u0105za\u0144, nawet na tle niedoskona\u0142ych przepis\u00f3w\u201d<\/p>                    <div class=\"quoter\">\n                    \t<h4>Marek Kimak<\/h4><span>wsp\u00f3lnik, radca prawny<\/span>                    <\/div>\n                    <div class=\"signature\">\n                                              <\/div>\n                <\/div>\n            <\/div>\n        <\/div>\n\t\t<\/section>\n\t\t\t\t<\/div>\n\t\t\t\t<\/div>\n\t\t\t\t<div class=\"elementor-element elementor-element-0c296b2 elementor-widget elementor-widget-text-editor\" data-id=\"0c296b2\" data-element_type=\"widget\" data-widget_type=\"text-editor.default\">\n\t\t\t\t<div class=\"elementor-widget-container\">\n\t\t\t\t\t\t\t<p>Jeste\u015bmy zespo\u0142em, kt\u00f3ry przed wszystkim potrafi s\u0142ucha\u0107 potrzeb i sugestii Klienta, aby nast\u0119pnie w oparciu o nasz\u0105 wiedz\u0119 i do\u015bwiadczenie, wskaza\u0107 mu optymalne rozwi\u0105zanie. Wiemy na co zwraca\u0107 uwag\u0119 stosuj\u0105c przepisy prawa. Rozumiemy<br \/>mechanizmy rz\u0105dz\u0105ce biznesem. Potrafimy dzia\u0142a\u0107 precyzyjnie i skutecznie.<\/p><p>Od wielu lat wspieramy naszych Klient\u00f3w zar\u00f3wno w sytuacjach kryzysowych, jak i w codziennych sprawach, zwi\u0105zanych z prowadzeniem dzia\u0142alno\u015bci gospodarczej. Niejednokrotnie mierzyli\u015bmy si\u0119 z wyzwaniami. Sukcesy \u015bwi\u0119towali\u015bmy, natomiast z pora\u017cek wyci\u0105gali\u015bmy wnioski. Dzi\u0119ki temu wypracowali\u015bmy najwy\u017csze standardy jako\u015bci, autorskie modele dzia\u0142ania i zgromadzili\u015bmy najlepszych ekspert\u00f3w, kt\u00f3rzy mog\u0105 pracowa\u0107 tak\u017ce i na Tw\u00f3j sukces\u201d.<\/p>\t\t\t\t\t\t<\/div>\n\t\t\t\t<\/div>\n\t\t\t\t\t<\/div>\n\t\t<\/div>\n\t\t\t\t\t\t\t<\/div>\n\t\t<\/section>\n\t\t\t\t<section class=\"elementor-section elementor-top-section elementor-element elementor-element-ac4c309 elementor-section-boxed elementor-section-height-default elementor-section-height-default\" data-id=\"ac4c309\" data-element_type=\"section\">\n\t\t\t\t\t\t<div class=\"elementor-container elementor-column-gap-default\">\n\t\t\t\t\t<div class=\"elementor-column elementor-col-100 elementor-top-column elementor-element elementor-element-05d9fe1\" data-id=\"05d9fe1\" data-element_type=\"column\">\n\t\t\t<div class=\"elementor-widget-wrap elementor-element-populated\">\n\t\t\t\t\t\t\t\t<div class=\"elementor-element elementor-element-2d56190 elementor-widget elementor-widget-tmx-juristic_feature\" data-id=\"2d56190\" data-element_type=\"widget\" data-settings=\"{&quot;feature_image&quot;:{&quot;url&quot;:&quot;http:\\\/\\\/skw.conecto.tv\\\/wp-content\\\/uploads\\\/2021\\\/12\\\/bck1.jpg&quot;,&quot;id&quot;:760,&quot;alt&quot;:&quot;&quot;,&quot;source&quot;:&quot;library&quot;}}\" data-widget_type=\"tmx-juristic_feature.default\">\n\t\t\t\t<div class=\"elementor-widget-container\">\n\t\t\t\t\t <div class=\"feature-section\">\n        <div class=\"row\">\n        \t        \t\t<div class=\"col col-lg-3 col-sm-6\">\n                <div class=\"info-col\"  style=\"background-image: url( https:\/\/skw.com.pl\/wp-content\/uploads\/2021\/12\/bck1.jpg );\">\n                \t<h4>Sprawd\u017a co mo\u017cemy Ci\nzaoferowa\u0107\n<\/h4><a href=\"\/#kontakt\"   class=\"theme-btn-s2\">Kontakt<\/a>                <\/div>\n            <\/div>\n        \t            <div class=\"col col-lg-3 col-sm-6\">\n                <div class=\"feature-grid\">\n                    <i class=\"fi flaticon-courthouse-1\"><\/i><h3>Ponad 30 lat do\u015bwiadczenia<\/h3><p>Pocz\u0105tki naszej\ndzia\u0142alno\u015bci si\u0119gaj\u0105\n1989 roku. Dzi\u0119ki\nwieloletniemu\ndo\u015bwiadczeniu\npotrafimy precyzyjnie\nidentyfikowa\u0107\npotrzeby naszych\nKlient\u00f3w, dobieraj\u0105c\nskuteczne warianty\npost\u0119powania.\n\n<p>                <\/div>\n            <\/div>\n                        <div class=\"col col-lg-3 col-sm-6\">\n                <div class=\"feature-grid\">\n                    <i class=\"fi flaticon-parents\"><\/i><h3>Partnerskie podej\u015bcie do Klienta<\/h3><p>Stawiamy na\nwsp\u00f3\u0142prac\u0119 opart\u0105\nna wzajemnym\nzaufaniu\ni zrozumieniu. Nasi\nKlienci mog\u0105 liczy\u0107\nna gruntown\u0105 i\nrzeteln\u0105 analiz\u0119\nsprawy. Zamiast\nmno\u017cy\u0107 w\u0105tpliwo\u015bci\n\u2013 poszukamy\nkonkretnego\nrozwi\u0105zania.\n\n<p>                <\/div>\n            <\/div>\n                        <div class=\"col col-lg-3 col-sm-6\">\n                <div class=\"feature-grid\">\n                    <i class=\"fi flaticon-suitcase\"><\/i><h3>Kompleksowo\u015b\u0107<\/h3><p>Bogata wiedza\nprawnicza w\npo\u0142\u0105czeniu z\npraktyczn\u0105\nznajomo\u015bci\u0105 regu\u0142\nrz\u0105dz\u0105cych biznesem,\npozwala nam wspiera\u0107\nnaszych Klient\u00f3w nie\ntylko w post\u0119powaniu\ns\u0105dowym, ale r\u00f3wnie\u017c\nw osi\u0105ganiu ich cel\u00f3w\nbiznesowych.\n\n<p>                <\/div>\n            <\/div>\n                    <\/div>\n\t\t<\/div>\n\t\t\t\t<\/div>\n\t\t\t\t<\/div>\n\t\t\t\t\t<\/div>\n\t\t<\/div>\n\t\t\t\t\t\t\t<\/div>\n\t\t<\/section>\n\t\t\t\t\t\t<\/div>\n\t\t\t\t\t<\/div>\n\t\t","protected":false},"excerpt":{"rendered":"Kim Jeste\u015bmy Ide\u0105 naszej kancelarii jest wyznaczanie nowych standard\u00f3w w my\u015bleniu o prawie \u201e \u015awiadczenie us\u0142ug prawnych nie jest sztuk\u0105 odtw\u00f3rczego stosowania prawa, lecz umiej\u0119tno\u015bci\u0105 obserwowania, s\u0142uchania, zadawania pyta\u0144 i poszukiwania nowych rozwi\u0105za\u0144, nawet na tle niedoskona\u0142ych przepis\u00f3w\u201d Marek Kimak wsp\u00f3lnik, radca prawny Jeste\u015bmy zespo\u0142em, kt\u00f3ry przed wszystkim potrafi s\u0142ucha\u0107 potrzeb i sugestii Klienta, aby ","protected":false},"author":1,"featured_media":0,"parent":0,"menu_order":0,"comment_status":"closed","ping_status":"closed","template":"elementor_header_footer","meta":[],"_links":{"self":[{"href":"https:\/\/skw.com.pl\/index.php\/wp-json\/wp\/v2\/pages\/20"}],"collection":[{"href":"https:\/\/skw.com.pl\/index.php\/wp-json\/wp\/v2\/pages"}],"about":[{"href":"https:\/\/skw.com.pl\/index.php\/wp-json\/wp\/v2\/types\/page"}],"author":[{"embeddable":true,"href":"https:\/\/skw.com.pl\/index.php\/wp-json\/wp\/v2\/users\/1"}],"replies":[{"embeddable":true,"href":"https:\/\/skw.com.pl\/index.php\/wp-json\/wp\/v2\/comments?post=20"}],"version-history":[{"count":39,"href":"https:\/\/skw.com.pl\/index.php\/wp-json\/wp\/v2\/pages\/20\/revisions"}],"predecessor-version":[{"id":1419,"href":"https:\/\/skw.com.pl\/index.php\/wp-json\/wp\/v2\/pages\/20\/revisions\/1419"}],"wp:attachment":[{"href":"https:\/\/skw.com.pl\/index.php\/wp-json\/wp\/v2\/media?parent=20"}],"curies":[{"name":"wp","href":"https:\/\/api.w.org\/{rel}","templated":true}]}}