{"id":18,"date":"2020-01-26T06:20:54","date_gmt":"2020-01-26T06:20:54","guid":{"rendered":"http:\/\/juristic.themegeniuslab.com\/?page_id=18"},"modified":"2022-08-08T16:29:22","modified_gmt":"2022-08-08T14:29:22","slug":"contact","status":"publish","type":"page","link":"https:\/\/skw.com.pl\/index.php\/contact\/","title":{"rendered":"Kontakt"},"content":{"rendered":"\t\t<div data-elementor-type=\"wp-page\" data-elementor-id=\"18\" class=\"elementor elementor-18\" data-elementor-settings=\"[]\">\n\t\t\t\t\t\t\t<div class=\"elementor-section-wrap\">\n\t\t\t\t\t\t\t<section class=\"elementor-section elementor-top-section elementor-element elementor-element-1daecb1 elementor-section-full_width elementor-section-height-default elementor-section-height-default\" data-id=\"1daecb1\" data-element_type=\"section\">\n\t\t\t\t\t\t<div class=\"elementor-container elementor-column-gap-default\">\n\t\t\t\t\t<div class=\"elementor-column elementor-col-100 elementor-top-column elementor-element elementor-element-b066461\" data-id=\"b066461\" data-element_type=\"column\">\n\t\t\t<div class=\"elementor-widget-wrap elementor-element-populated\">\n\t\t\t\t\t\t\t\t<div class=\"elementor-element elementor-element-36f3473 elementor-widget elementor-widget-tmx-juristic_contactinfo\" data-id=\"36f3473\" data-element_type=\"widget\" data-widget_type=\"tmx-juristic_contactinfo.default\">\n\t\t\t\t<div class=\"elementor-widget-container\">\n\t\t\t\t\t<div class=\"juristic-contact-section contact-section-s3\">\n\t    <div class=\"content-area clearfix\">\n\t\t\t\n\t\t\t\n\t\t\t\t\t\t\n\t\t\t\t<div class=\"col col-lg-6 col-lg-offset-3 col-md-8 col-md-offset-2 col-sm-10 col-sm-offset-1\">\n\t\t\t\t\t<div class=\"section-title-s3\">\n\t\t\t\t\t\t \t\t\t\t\t\t\t<div class=\"icon\">\n\t\t\t\t\t\t <i class=\"fi fi flaticon-home-3\"><\/i>\t\t\t\t\t\t<\/div>\n\t\t\t\t\t\t<span>Formularz kontaktowy<\/span><h2>Skontaktuj si\u0119 z Nami<\/h2><p>Je\u017celi jeste\u015b zainteresowana\/ zainteresowany prac\u0105 lub praktyk\u0105 w Naszej Kancelarii prosimy o przes\u0142anie CV oraz listu motywacyjnego na adres: kancelaria@skw.com.pl<\/p>\t\t\t\t  <\/div>\n\t\t\t\t<\/div>\n\t\t\t\n\t\t\t\n\t\t\t\t\t\t\n\n\n\t       <div class=\"col col-lg-6 col-lg-offset-3 col-md-8 col-md-offset-2 col-sm-10 col-sm-offset-1\" style=\"padding-left:5%;\">\n\n\t             <div class=\"contact-info\">\n\t                <ul>\n\t                   \t                    <li>\n\t                    \t<i class=\"fi flaticon-home-3\"><\/i><h4>Adres<\/h4><p>ul. Twardowskiego 9 35-302 Rzesz\u00f3w<\/p>\t                    <\/li>\n\t\t\t\t\t\t\t\t\t\t\t\t                    <li>\n\t                    \t<i class=\"fi flaticon-email\"><\/i><h4>Adres Email<\/h4><p>kancelaria@skw.com.pl<\/p>\t                    <\/li>\n\t\t\t\t\t\t\t\t\t\t\t\t                    <li>\n\t                    \t<i class=\"fi flaticon-support\"><\/i><h4>Telefon<\/h4><p>17-852-96-80<\/p>\t                    <\/li>\n\t\t\t\t\t\t\t\t\t\t\t\t                    <li>\n\t                    \t<i class=\"fi flaticon-clock\"><\/i><h4>Godziny pracy<\/h4><p>Pon.-Pt.:  8.30 \u2013 16.30<\/p>\t                    <\/li>\n\t\t\t\t\t\t\t\t\t\t\t\t                <\/ul>\n\t            <\/div>\n\t        <\/div>\n\t    <\/div> <!-- end content-area -->\n\t  <\/div>\n\t\t\t\t<\/div>\n\t\t\t\t<\/div>\n\t\t\t\t\t<\/div>\n\t\t<\/div>\n\t\t\t\t\t\t\t<\/div>\n\t\t<\/section>\n\t\t\t\t<section class=\"elementor-section elementor-top-section elementor-element elementor-element-48b16b3 elementor-section-boxed elementor-section-height-default elementor-section-height-default\" data-id=\"48b16b3\" data-element_type=\"section\" data-settings=\"{&quot;background_background&quot;:&quot;classic&quot;}\">\n\t\t\t\t\t\t<div class=\"elementor-container elementor-column-gap-default\">\n\t\t\t\t\t<div class=\"elementor-column elementor-col-33 elementor-top-column elementor-element elementor-element-f0f528b\" data-id=\"f0f528b\" data-element_type=\"column\">\n\t\t\t<div class=\"elementor-widget-wrap elementor-element-populated\">\n\t\t\t\t\t\t\t\t<div class=\"elementor-element elementor-element-63f7d5b elementor-widget elementor-widget-tmx-juristic_social\" data-id=\"63f7d5b\" data-element_type=\"widget\" data-widget_type=\"tmx-juristic_social.default\">\n\t\t\t\t<div class=\"elementor-widget-container\">\n\t\t\t\t\t<div class=\"social-shortcode\">\n\t\t\t<div class=\"social-area\">\n      \t<ul class=\"clearfix\">\n\t\t\t\t\t<li><a href=\"#\"><i class=\"ti-facebook\"><\/i> <i class=\"fi \"><\/i><\/a><\/li><li><a href=\"#\"><i class=\"ti-linkedin\"><\/i> <i class=\"fi \"><\/i><\/a><\/li>      \t<\/ul>\n  \t\t<\/div>\n  \t<\/div>\n\t\t\t\t<\/div>\n\t\t\t\t<\/div>\n\t\t\t\t\t<\/div>\n\t\t<\/div>\n\t\t\t\t<div class=\"elementor-column elementor-col-33 elementor-top-column elementor-element elementor-element-679b03e\" data-id=\"679b03e\" data-element_type=\"column\">\n\t\t\t<div class=\"elementor-widget-wrap elementor-element-populated\">\n\t\t\t\t\t\t\t\t<div class=\"elementor-element elementor-element-97d1952 elementor-hidden-tablet elementor-hidden-mobile elementor-widget elementor-widget-image\" data-id=\"97d1952\" data-element_type=\"widget\" data-widget_type=\"image.default\">\n\t\t\t\t<div class=\"elementor-widget-container\">\n\t\t\t\t\t\t\t\t\t\t\t\t\t\t\t<img width=\"342\" height=\"98\" src=\"https:\/\/skw.com.pl\/wp-content\/uploads\/2022\/01\/logo4.png\" class=\"attachment-large size-large\" alt=\"\" loading=\"lazy\" srcset=\"https:\/\/skw.com.pl\/wp-content\/uploads\/2022\/01\/logo4.png 342w, https:\/\/skw.com.pl\/wp-content\/uploads\/2022\/01\/logo4-300x86.png 300w\" sizes=\"(max-width: 342px) 100vw, 342px\" \/>\t\t\t\t\t\t\t\t\t\t\t\t\t\t\t<\/div>\n\t\t\t\t<\/div>\n\t\t\t\t\t<\/div>\n\t\t<\/div>\n\t\t\t\t<div class=\"elementor-column elementor-col-33 elementor-top-column elementor-element elementor-element-0bd659f\" data-id=\"0bd659f\" data-element_type=\"column\">\n\t\t\t<div class=\"elementor-widget-wrap elementor-element-populated\">\n\t\t\t\t\t\t\t\t<div class=\"elementor-element elementor-element-72854bd elementor-hidden-tablet elementor-hidden-mobile elementor-widget elementor-widget-shortcode\" data-id=\"72854bd\" data-element_type=\"widget\" data-widget_type=\"shortcode.default\">\n\t\t\t\t<div class=\"elementor-widget-container\">\n\t\t\t\t\t<div class=\"elementor-shortcode\"><script>(function() {\n\twindow.mc4wp = window.mc4wp || {\n\t\tlisteners: [],\n\t\tforms: {\n\t\t\ton: function(evt, cb) {\n\t\t\t\twindow.mc4wp.listeners.push(\n\t\t\t\t\t{\n\t\t\t\t\t\tevent   : evt,\n\t\t\t\t\t\tcallback: cb\n\t\t\t\t\t}\n\t\t\t\t);\n\t\t\t}\n\t\t}\n\t}\n})();\n<\/script><!-- Mailchimp for WordPress v4.8.6 - https:\/\/wordpress.org\/plugins\/mailchimp-for-wp\/ --><form id=\"mc4wp-form-1\" class=\"mc4wp-form mc4wp-form-260\" method=\"post\" data-id=\"260\" data-name=\"footer-form\" ><div class=\"mc4wp-form-fields\"><div class=\"newsletter-area\">\r\n    <div class=\"inner\">\r\n        <h3>Newsletter<\/h3>\r\n        <div class=\"input-area\">\r\n            <div class=\"input-1\">\r\n                <input type=\"email\" name=\"EMAIL\"  class=\"form-control\" placeholder=\"Email Address *\"  required>\r\n            <\/div>\r\n            <div class=\"submit clearfix\">\r\n                <button type=\"submit\" value=\"Subscribe\"><i class=\"fi flaticon-paper-plane\"><\/i><\/button>\r\n            <\/div>\r\n        <\/div>\r\n    <\/div>\r\n<\/div><\/div><label style=\"display: none !important;\">Leave this field empty if you're human: <input type=\"text\" name=\"_mc4wp_honeypot\" value=\"\" tabindex=\"-1\" autocomplete=\"off\" \/><\/label><input type=\"hidden\" name=\"_mc4wp_timestamp\" value=\"1775392026\" \/><input type=\"hidden\" name=\"_mc4wp_form_id\" value=\"260\" \/><input type=\"hidden\" name=\"_mc4wp_form_element_id\" value=\"mc4wp-form-1\" \/><div class=\"mc4wp-response\"><\/div><\/form><!-- \/ Mailchimp for WordPress Plugin --><\/div>\n\t\t\t\t<\/div>\n\t\t\t\t<\/div>\n\t\t\t\t\t<\/div>\n\t\t<\/div>\n\t\t\t\t\t\t\t<\/div>\n\t\t<\/section>\n\t\t\t\t\t\t<\/div>\n\t\t\t\t\t<\/div>\n\t\t","protected":false},"excerpt":{"rendered":"Formularz kontaktowy Skontaktuj si\u0119 z Nami Je\u017celi jeste\u015b zainteresowana\/ zainteresowany prac\u0105 lub praktyk\u0105 w Naszej Kancelarii prosimy o przes\u0142anie CV oraz listu motywacyjnego na adres: kancelaria@skw.com.pl Adres ul. Twardowskiego 9 35-302 Rzesz\u00f3w Adres Email kancelaria@skw.com.pl Telefon 17-852-96-80 Godziny pracy Pon.-Pt.: 8.30 \u2013 16.30","protected":false},"author":1,"featured_media":0,"parent":0,"menu_order":0,"comment_status":"closed","ping_status":"closed","template":"elementor_header_footer","meta":[],"_links":{"self":[{"href":"https:\/\/skw.com.pl\/index.php\/wp-json\/wp\/v2\/pages\/18"}],"collection":[{"href":"https:\/\/skw.com.pl\/index.php\/wp-json\/wp\/v2\/pages"}],"about":[{"href":"https:\/\/skw.com.pl\/index.php\/wp-json\/wp\/v2\/types\/page"}],"author":[{"embeddable":true,"href":"https:\/\/skw.com.pl\/index.php\/wp-json\/wp\/v2\/users\/1"}],"replies":[{"embeddable":true,"href":"https:\/\/skw.com.pl\/index.php\/wp-json\/wp\/v2\/comments?post=18"}],"version-history":[{"count":27,"href":"https:\/\/skw.com.pl\/index.php\/wp-json\/wp\/v2\/pages\/18\/revisions"}],"predecessor-version":[{"id":1426,"href":"https:\/\/skw.com.pl\/index.php\/wp-json\/wp\/v2\/pages\/18\/revisions\/1426"}],"wp:attachment":[{"href":"https:\/\/skw.com.pl\/index.php\/wp-json\/wp\/v2\/media?parent=18"}],"curies":[{"name":"wp","href":"https:\/\/api.w.org\/{rel}","templated":true}]}}