{"id":13,"date":"2021-11-08T13:46:46","date_gmt":"2021-11-08T12:46:46","guid":{"rendered":"http:\/\/skw.conecto.tv\/?page_id=13"},"modified":"2022-08-08T16:30:53","modified_gmt":"2022-08-08T14:30:53","slug":"rekrutacja","status":"publish","type":"page","link":"https:\/\/skw.com.pl\/index.php\/rekrutacja\/","title":{"rendered":"Rekrutacja"},"content":{"rendered":"\t\t<div data-elementor-type=\"wp-page\" data-elementor-id=\"13\" class=\"elementor elementor-13\" data-elementor-settings=\"[]\">\n\t\t\t\t\t\t\t<div class=\"elementor-section-wrap\">\n\t\t\t\t\t\t\t<section class=\"elementor-section elementor-top-section elementor-element elementor-element-33db72dc elementor-section-boxed elementor-section-height-default elementor-section-height-default\" data-id=\"33db72dc\" data-element_type=\"section\">\n\t\t\t\t\t\t<div class=\"elementor-container elementor-column-gap-default\">\n\t\t\t\t\t<div class=\"elementor-column elementor-col-100 elementor-top-column elementor-element elementor-element-110b4a56\" data-id=\"110b4a56\" data-element_type=\"column\">\n\t\t\t<div class=\"elementor-widget-wrap elementor-element-populated\">\n\t\t\t\t\t\t\t\t<div class=\"elementor-element elementor-element-1a33a3d6 elementor-widget elementor-widget-text-editor\" data-id=\"1a33a3d6\" data-element_type=\"widget\" data-widget_type=\"text-editor.default\">\n\t\t\t\t<div class=\"elementor-widget-container\">\n\t\t\t\t\t\t\t<p><!-- wp:paragraph --><!-- \/wp:paragraph --><!-- wp:paragraph --><\/p>\n<h3>Chcesz do\u0142\u0105czy\u0107 do naszego zespo\u0142u? Czekamy na Twoje zg\u0142oszenie!<\/h3>\n<p><!-- \/wp:paragraph --><!-- wp:paragraph --><\/p>\n<p>Nasza Kancelaria stale si\u0119 rozwija, dlatego ch\u0119tnie podejmujemy wsp\u00f3\u0142prac\u0119 z nowymi<br \/>prawnikami, otwartymi na wyzwania zawodowe. Szukamy os\u00f3b ambitnych,<br \/>komunikatywnych oraz kreatywnych, kt\u00f3re potrafi\u0105 przeku\u0107 zdobyt\u0105 wiedz\u0119<br \/>w praktyczne rozwi\u0105zania prawne i biznesowe.<\/p>\n<p>Do\u015bwiadczenie zawodowe nie dla nas elementem decyduj\u0105cym. Zapraszamy do<br \/>wsp\u00f3\u0142pracy zar\u00f3wno specjalist\u00f3w posiadaj\u0105cych uprawnienia zawodowe, jak<br \/>i m\u0142odych prawnik\u00f3w dopiero rozpoczynaj\u0105cych swoj\u0105 karier\u0119 \u2013 aplikant\u00f3w,<br \/>absolwent\u00f3w studi\u00f3w prawniczych oraz student\u00f3w.<\/p>\n<p>Je\u015bli interesujesz si\u0119 zagadnieniami z obszaru specjalizacji naszej Kancelarii, chcesz<br \/>poszerza\u0107 horyzonty i kszta\u0142towa\u0107 swoj\u0105 \u015bcie\u017ck\u0119 zawodow\u0105 razem z nami, prze\u015blij<br \/>swoje CV oraz (opcjonalnie) list motywacyjny na adres e-mail: kancelaria@skw.com.pl.<\/p>\n<p>Zastrzegamy sobie prawo do kontaktu tylko z wybranymi Kandydatami.<\/p>\n<p><!-- \/wp:paragraph --><!-- wp:paragraph --><!-- \/wp:paragraph --><\/p>\t\t\t\t\t\t<\/div>\n\t\t\t\t<\/div>\n\t\t\t\t\t<\/div>\n\t\t<\/div>\n\t\t\t\t\t\t\t<\/div>\n\t\t<\/section>\n\t\t\t\t\t\t<\/div>\n\t\t\t\t\t<\/div>\n\t\t","protected":false},"excerpt":{"rendered":"Chcesz do\u0142\u0105czy\u0107 do naszego zespo\u0142u? Czekamy na Twoje zg\u0142oszenie! Nasza Kancelaria stale si\u0119 rozwija, dlatego ch\u0119tnie podejmujemy wsp\u00f3\u0142prac\u0119 z nowymiprawnikami, otwartymi na wyzwania zawodowe. Szukamy os\u00f3b ambitnych,komunikatywnych oraz kreatywnych, kt\u00f3re potrafi\u0105 przeku\u0107 zdobyt\u0105 wiedz\u0119w praktyczne rozwi\u0105zania prawne i biznesowe. Do\u015bwiadczenie zawodowe nie dla nas elementem decyduj\u0105cym. Zapraszamy dowsp\u00f3\u0142pracy zar\u00f3wno specjalist\u00f3w posiadaj\u0105cych uprawnienia zawodowe, jaki m\u0142odych ","protected":false},"author":1,"featured_media":0,"parent":0,"menu_order":0,"comment_status":"closed","ping_status":"closed","template":"","meta":[],"_links":{"self":[{"href":"https:\/\/skw.com.pl\/index.php\/wp-json\/wp\/v2\/pages\/13"}],"collection":[{"href":"https:\/\/skw.com.pl\/index.php\/wp-json\/wp\/v2\/pages"}],"about":[{"href":"https:\/\/skw.com.pl\/index.php\/wp-json\/wp\/v2\/types\/page"}],"author":[{"embeddable":true,"href":"https:\/\/skw.com.pl\/index.php\/wp-json\/wp\/v2\/users\/1"}],"replies":[{"embeddable":true,"href":"https:\/\/skw.com.pl\/index.php\/wp-json\/wp\/v2\/comments?post=13"}],"version-history":[{"count":4,"href":"https:\/\/skw.com.pl\/index.php\/wp-json\/wp\/v2\/pages\/13\/revisions"}],"predecessor-version":[{"id":1293,"href":"https:\/\/skw.com.pl\/index.php\/wp-json\/wp\/v2\/pages\/13\/revisions\/1293"}],"wp:attachment":[{"href":"https:\/\/skw.com.pl\/index.php\/wp-json\/wp\/v2\/media?parent=13"}],"curies":[{"name":"wp","href":"https:\/\/api.w.org\/{rel}","templated":true}]}}